{"id":19,"date":"2020-06-30T15:14:59","date_gmt":"2020-06-30T13:14:59","guid":{"rendered":"http:\/\/sloneczkoleba.pl\/?page_id=19"},"modified":"2026-04-02T11:07:20","modified_gmt":"2026-04-02T09:07:20","slug":"home_0","status":"publish","type":"page","link":"http:\/\/sloneczkoleba.pl\/","title":{"rendered":"Strona Domowa"},"content":{"rendered":"<p>[vc_row full_width=&#8221;stretch_row_content_no_spaces&#8221; css=&#8221;.vc_custom_1641304091670{background-image: url(http:\/\/sloneczkoleba.pl\/wp-content\/uploads\/2022\/01\/Fotolia_99825137_Subscription_XXL-2-scaled.jpg?id=245) !important;background-position: center !important;background-repeat: no-repeat !important;background-size: cover !important;}&#8221;][vc_column width=&#8221;1\/6&#8243;][\/vc_column][vc_column width=&#8221;1\/6&#8243;][vc_btn title=&#8221;GOR\u0104CE OFERTY&#8221; shape=&#8221;square&#8221; color=&#8221;warning&#8221; size=&#8221;lg&#8221; align=&#8221;right&#8221; i_type=&#8221;openiconic&#8221; i_icon_openiconic=&#8221;vc-oi vc-oi-sun&#8221; css_animation=&#8221;bounceInRight&#8221; add_icon=&#8221;true&#8221; link=&#8221;url:http%3A%2F%2Fsloneczkoleba.pl%2F%3Fpage_id%3D451|title:Gor%C4%85ce%20Oferty||&#8221;][\/vc_column][vc_column width=&#8221;1\/6&#8243;][\/vc_column][vc_column width=&#8221;1\/6&#8243;][\/vc_column][vc_column width=&#8221;1\/6&#8243;][\/vc_column][vc_column width=&#8221;1\/6&#8243;][\/vc_column][vc_column][\/vc_column][vc_column][\/vc_column][vc_column][\/vc_column][vc_column][\/vc_column][vc_column][\/vc_column][vc_column][\/vc_column][vc_column][\/vc_column][vc_column][\/vc_column][vc_column][\/vc_column][vc_column][\/vc_column][vc_column][\/vc_column][vc_column][\/vc_column][vc_column][\/vc_column][vc_column][\/vc_column][vc_column][\/vc_column][vc_column][\/vc_column][vc_column][\/vc_column][vc_column][\/vc_column][vc_column][\/vc_column][vc_column][\/vc_column][vc_column][\/vc_column][vc_column][\/vc_column][vc_column][\/vc_column][vc_column width=&#8221;1\/5&#8243;][\/vc_column][vc_column width=&#8221;1\/5&#8243;][\/vc_column][vc_column width=&#8221;1\/5&#8243;][\/vc_column][vc_column width=&#8221;1\/5&#8243;][\/vc_column][vc_column width=&#8221;1\/5&#8243;][\/vc_column][\/vc_row][vc_row][vc_column][vc_empty_space][vc_column_text css_animation=&#8221;fadeInUp&#8221; el_class=&#8221;.dark-bluek&#8221;]<\/p>\n<h2 style=\"text-align: left;\">Bogata infrastruktura o\u015brodka<\/h2>\n<p>[\/vc_column_text][vc_empty_space][\/vc_column][\/vc_row][vc_row][vc_column width=&#8221;1\/4&#8243;][vc_btn title=&#8221;grill&#8221; style=&#8221;outline&#8221; shape=&#8221;round&#8221; color=&#8221;orange&#8221; align=&#8221;center&#8221; i_icon_fontawesome=&#8221;fa fa-fire&#8221; css_animation=&#8221;fadeInLeft&#8221; button_block=&#8221;true&#8221; add_icon=&#8221;true&#8221;][vc_btn title=&#8221;strefa relaksu&#8221; style=&#8221;outline&#8221; shape=&#8221;round&#8221; color=&#8221;orange&#8221; align=&#8221;center&#8221; i_icon_fontawesome=&#8221;fas fa-umbrella-beach&#8221; css_animation=&#8221;fadeInLeft&#8221; button_block=&#8221;true&#8221; add_icon=&#8221;true&#8221;][vc_btn title=&#8221;tenis sto\u0142owy&#8221; style=&#8221;outline&#8221; shape=&#8221;round&#8221; color=&#8221;orange&#8221; align=&#8221;center&#8221; i_icon_fontawesome=&#8221;fas fa-table-tennis&#8221; css_animation=&#8221;fadeInLeft&#8221; button_block=&#8221;true&#8221; add_icon=&#8221;true&#8221;][vc_btn title=&#8221;du\u017cy plac zabaw&#8221; style=&#8221;outline&#8221; shape=&#8221;round&#8221; color=&#8221;orange&#8221; align=&#8221;center&#8221; i_icon_fontawesome=&#8221;fa fa-smile-o&#8221; css_animation=&#8221;fadeInLeft&#8221; button_block=&#8221;true&#8221; add_icon=&#8221;true&#8221;][\/vc_column][vc_column width=&#8221;1\/4&#8243;][vc_btn title=&#8221;&#8220;ma\u0142pi gaj&#8220;&#8221; style=&#8221;outline&#8221; shape=&#8221;round&#8221; color=&#8221;orange&#8221; align=&#8221;center&#8221; i_icon_fontawesome=&#8221;fas fa-child&#8221; css_animation=&#8221;fadeInUp&#8221; button_block=&#8221;true&#8221; add_icon=&#8221;true&#8221;][vc_btn title=&#8221;trampolina&#8221; style=&#8221;outline&#8221; shape=&#8221;round&#8221; color=&#8221;orange&#8221; align=&#8221;center&#8221; i_icon_fontawesome=&#8221;fa fa-align-justify&#8221; css_animation=&#8221;fadeInUp&#8221; button_block=&#8221;true&#8221; add_icon=&#8221;true&#8221;][vc_btn title=&#8221;mini golf&#8221; style=&#8221;outline&#8221; shape=&#8221;round&#8221; color=&#8221;orange&#8221; align=&#8221;center&#8221; i_icon_fontawesome=&#8221;fas fa-golf-ball&#8221; css_animation=&#8221;fadeInUp&#8221; button_block=&#8221;true&#8221; add_icon=&#8221;true&#8221;][\/vc_column][vc_column width=&#8221;1\/4&#8243;][vc_btn title=&#8221;si\u0142ownia plenerowa&#8221; style=&#8221;outline&#8221; shape=&#8221;round&#8221; color=&#8221;orange&#8221; align=&#8221;center&#8221; i_icon_fontawesome=&#8221;fas fa-heart&#8221; css_animation=&#8221;fadeInUp&#8221; button_block=&#8221;true&#8221; add_icon=&#8221;true&#8221;][vc_btn title=&#8221;20 rower\u00f3w&#8221; style=&#8221;outline&#8221; shape=&#8221;round&#8221; color=&#8221;orange&#8221; align=&#8221;center&#8221; i_icon_fontawesome=&#8221;fas fa-bicycle&#8221; css_animation=&#8221;fadeInUp&#8221; button_block=&#8221;true&#8221; add_icon=&#8221;true&#8221;][vc_btn title=&#8221;boiska wielofunkcyjne&#8221; style=&#8221;outline&#8221; shape=&#8221;round&#8221; color=&#8221;orange&#8221; align=&#8221;center&#8221; i_icon_fontawesome=&#8221;fa fa-futbol-o&#8221; css_animation=&#8221;fadeInUp&#8221; button_block=&#8221;true&#8221; add_icon=&#8221;true&#8221;][\/vc_column][vc_column width=&#8221;1\/4&#8243;][vc_btn title=&#8221;namiot letni&#8221; style=&#8221;outline&#8221; shape=&#8221;round&#8221; color=&#8221;orange&#8221; align=&#8221;center&#8221; i_icon_fontawesome=&#8221;fas fa-campground&#8221; css_animation=&#8221;fadeInLeft&#8221; button_block=&#8221;true&#8221; add_icon=&#8221;true&#8221;][vc_btn title=&#8221;namiot gier&#8221; style=&#8221;outline&#8221; shape=&#8221;round&#8221; color=&#8221;orange&#8221; align=&#8221;center&#8221; i_icon_fontawesome=&#8221;fa fa-trophy&#8221; css_animation=&#8221;fadeInLeft&#8221; button_block=&#8221;true&#8221; add_icon=&#8221;true&#8221;][vc_btn title=&#8221;sala gimnastyczna&#8221; style=&#8221;outline&#8221; shape=&#8221;round&#8221; color=&#8221;orange&#8221; align=&#8221;center&#8221; i_icon_fontawesome=&#8221;fas fa-running&#8221; css_animation=&#8221;fadeInLeft&#8221; button_block=&#8221;true&#8221; add_icon=&#8221;true&#8221;][\/vc_column][vc_column][vc_column_text]<\/p>\n<p style=\"text-align: center;\">Dost\u0119pny dla Go\u015bci od maja do wrze\u015bnia.\u00a0Doskonale po\u0142o\u017cony. Blisko centrum \u0141eby, z dala od ruchliwej drogi, na ogrodzonym, monitorowanym, bardzo dobrze zagospodarowanym terenie o powierzchni 1 ha.\u00a0W odleg\u0142o\u015bci oko\u0142o 350 m od piaszczystej pla\u017cy i 700 m od Jeziora Sarbsko.<\/p>\n<p>[\/vc_column_text][\/vc_column][\/vc_row][vc_row][vc_column][vc_empty_space][vc_empty_space][\/vc_column][\/vc_row][vc_row full_width=&#8221;stretch_row_content&#8221; parallax=&#8221;content-moving&#8221; parallax_image=&#8221;261&#8243; parallax_speed_bg=&#8221;2&#8243;][vc_column][vc_empty_space][\/vc_column][vc_column][\/vc_column][vc_column][\/vc_column][vc_column][\/vc_column][vc_column][\/vc_column][vc_column][\/vc_column][vc_column][\/vc_column][vc_column][\/vc_column][\/vc_row][vc_row][vc_column][vc_empty_space][vc_column_text css_animation=&#8221;fadeInUp&#8221; el_class=&#8221;dark-bluek&#8221;]<\/p>\n<h2 style=\"text-align: left;\">Zakwaterowanie<\/h2>\n<p>[\/vc_column_text][vc_empty_space][vc_row_inner equal_height=&#8221;yes&#8221; content_placement=&#8221;top&#8221; gap=&#8221;5&#8243;][vc_column_inner width=&#8221;1\/4&#8243;][vc_icon type=&#8221;material&#8221; icon_material=&#8221;vc-material vc-material-home&#8221; color=&#8221;orange&#8221; background_style=&#8221;rounded-outline&#8221; background_color=&#8221;orange&#8221; size=&#8221;lg&#8221; align=&#8221;center&#8221;][vc_column_text]<\/p>\n<p style=\"text-align: center;\">Kompleks 3 ogrzewanych budynk\u00f3w<\/p>\n<p>[\/vc_column_text][\/vc_column_inner][vc_column_inner width=&#8221;1\/4&#8243;][vc_icon type=&#8221;material&#8221; icon_material=&#8221;vc-material vc-material-vpn_key&#8221; color=&#8221;orange&#8221; background_style=&#8221;rounded-outline&#8221; background_color=&#8221;orange&#8221; size=&#8221;lg&#8221; align=&#8221;center&#8221;][vc_column_text]<\/p>\n<p style=\"text-align: center;\">85 pokoi<br \/>\n350 miejsc noclegowych[\/vc_column_text][\/vc_column_inner][vc_column_inner width=&#8221;1\/4&#8243;][vc_icon type=&#8221;material&#8221; icon_material=&#8221;vc-material vc-material-tv&#8221; color=&#8221;orange&#8221; background_style=&#8221;rounded-outline&#8221; background_color=&#8221;orange&#8221; size=&#8221;lg&#8221; align=&#8221;center&#8221;][vc_column_text]<\/p>\n<p style=\"text-align: center;\">Pokoje z \u0142azienk\u0105 i TV<\/p>\n<p>[\/vc_column_text][\/vc_column_inner][vc_column_inner width=&#8221;1\/4&#8243;][vc_icon icon_fontawesome=&#8221;fa fa-wheelchair&#8221; color=&#8221;orange&#8221; background_style=&#8221;rounded-outline&#8221; background_color=&#8221;orange&#8221; size=&#8221;lg&#8221; align=&#8221;center&#8221;][vc_column_text]<\/p>\n<p style=\"text-align: center;\">4 pokoje przystosowane dla os\u00f3b niepe\u0142nosprawnych<\/p>\n<p>[\/vc_column_text][\/vc_column_inner][\/vc_row_inner][vc_empty_space][\/vc_column][vc_column][\/vc_column][\/vc_row][vc_row full_width=&#8221;stretch_row_content&#8221; parallax=&#8221;content-moving&#8221; parallax_image=&#8221;259&#8243; parallax_speed_bg=&#8221;1.3&#8243;][vc_column width=&#8221;1\/3&#8243;][\/vc_column][vc_column width=&#8221;1\/3&#8243; css=&#8221;.vc_custom_1579822958871{margin-top: 100px !important;margin-right: 0px !important;margin-bottom: 100px !important;margin-left: 0px !important;padding-top: 5px !important;padding-right: 5px !important;padding-bottom: 5px !important;padding-left: 5px !important;}&#8221;][vc_empty_space][\/vc_column][vc_column width=&#8221;1\/3&#8243;][vc_empty_space height=&#8221;50px&#8221;][\/vc_column][vc_column][\/vc_column][vc_column][\/vc_column][\/vc_row][vc_row][vc_column][vc_empty_space][vc_column_text css_animation=&#8221;fadeInUp&#8221; el_class=&#8221;dark-bluek&#8221;]<\/p>\n<h2>Wy\u017cywienie<\/h2>\n<p>[\/vc_column_text][vc_empty_space][\/vc_column][\/vc_row][vc_row][vc_column width=&#8221;1\/3&#8243;][vc_icon icon_fontawesome=&#8221;fas fa-utensils&#8221; color=&#8221;orange&#8221; background_style=&#8221;rounded-outline&#8221; background_color=&#8221;orange&#8221; size=&#8221;lg&#8221; align=&#8221;center&#8221;][vc_column_text]<\/p>\n<p style=\"text-align: center;\">\u015aniadania i kolacje w formie bufetu szwedzkiego. Obiady serwowane na p\u00f3\u0142miskach. Podwieczorek.<\/p>\n<p>[\/vc_column_text][\/vc_column][vc_column width=&#8221;1\/3&#8243;][vc_icon icon_fontawesome=&#8221;fas fa-carrot&#8221; color=&#8221;orange&#8221; background_style=&#8221;rounded-outline&#8221; background_color=&#8221;orange&#8221; size=&#8221;lg&#8221; align=&#8221;center&#8221;][vc_column_text css_animation=&#8221;none&#8221; css=&#8221;.vc_custom_1641810266813{padding-top: 15px !important;}&#8221;]<\/p>\n<p style=\"text-align: center;\">W\u0142asna, domowa kuchnia. Posi\u0142ki r\u00f3\u017cnorodne, przyrz\u0105dzane na miejscu.<\/p>\n<p>[\/vc_column_text][\/vc_column][vc_column width=&#8221;1\/3&#8243;][vc_icon icon_fontawesome=&#8221;fas fa-weight-hanging&#8221; color=&#8221;orange&#8221; background_style=&#8221;rounded-outline&#8221; background_color=&#8221;orange&#8221; size=&#8221;lg&#8221; align=&#8221;center&#8221;][vc_column_text]<\/p>\n<p style=\"text-align: center;\">Mo\u017cliwo\u015b\u0107 wykupienia abonamentu oraz zakupu posi\u0142k\u00f3w na wynos.<\/p>\n<p>[\/vc_column_text][\/vc_column][\/vc_row][vc_row][vc_column][\/vc_column][\/vc_row]<\/p>\n","protected":false},"excerpt":{"rendered":"<p>[vc_row full_width=&#8221;stretch_row_content_no_spaces&#8221; css=&#8221;.vc_custom_1641304091670{background-image: url(http:\/\/sloneczkoleba.pl\/wp-content\/uploads\/2022\/01\/Fotolia_99825137_Subscription_XXL-2-scaled.jpg?id=245) !important;background-position: center !important;background-repeat: no-repeat !important;background-size: cover !important;}&#8221;][vc_column width=&#8221;1\/6&#8243;][\/vc_column][vc_column width=&#8221;1\/6&#8243;][vc_btn title=&#8221;GOR\u0104CE OFERTY&#8221; shape=&#8221;square&#8221; color=&#8221;warning&#8221; size=&#8221;lg&#8221; align=&#8221;right&#8221; i_type=&#8221;openiconic&#8221; i_icon_openiconic=&#8221;vc-oi vc-oi-sun&#8221; css_animation=&#8221;bounceInRight&#8221; add_icon=&#8221;true&#8221; link=&#8221;url:http%3A%2F%2Fsloneczkoleba.pl%2F%3Fpage_id%3D451|title:Gor%C4%85ce%20Oferty||&#8221;][\/vc_column][vc_column width=&#8221;1\/6&#8243;][\/vc_column][vc_column width=&#8221;1\/6&#8243;][\/vc_column][vc_column width=&#8221;1\/6&#8243;][\/vc_column][vc_column width=&#8221;1\/6&#8243;][\/vc_column][vc_column][\/vc_column][vc_column][\/vc_column][vc_column][\/vc_column][vc_column][\/vc_column][vc_column][\/vc_column][vc_column][\/vc_column][vc_column][\/vc_column][vc_column][\/vc_column][vc_column][\/vc_column][vc_column][\/vc_column][vc_column][\/vc_column][vc_column][\/vc_column][vc_column][\/vc_column][vc_column][\/vc_column][vc_column][\/vc_column][vc_column][\/vc_column][vc_column][\/vc_column][vc_column][\/vc_column][vc_column][\/vc_column][vc_column][\/vc_column][vc_column][\/vc_column][vc_column][\/vc_column][vc_column][\/vc_column][vc_column width=&#8221;1\/5&#8243;][\/vc_column][vc_column width=&#8221;1\/5&#8243;][\/vc_column][vc_column width=&#8221;1\/5&#8243;][\/vc_column][vc_column width=&#8221;1\/5&#8243;][\/vc_column][vc_column width=&#8221;1\/5&#8243;][\/vc_column][\/vc_row][vc_row][vc_column][vc_empty_space][vc_column_text css_animation=&#8221;fadeInUp&#8221; el_class=&#8221;.dark-bluek&#8221;] Bogata infrastruktura o\u015brodka [\/vc_column_text][vc_empty_space][\/vc_column][\/vc_row][vc_row][vc_column width=&#8221;1\/4&#8243;][vc_btn title=&#8221;grill&#8221; style=&#8221;outline&#8221; shape=&#8221;round&#8221; color=&#8221;orange&#8221; align=&#8221;center&#8221; i_icon_fontawesome=&#8221;fa fa-fire&#8221; css_animation=&#8221;fadeInLeft&#8221; button_block=&#8221;true&#8221; add_icon=&#8221;true&#8221;][vc_btn title=&#8221;strefa relaksu&#8221; style=&#8221;outline&#8221; shape=&#8221;round&#8221;<\/p>\n","protected":false},"author":1,"featured_media":0,"parent":0,"menu_order":0,"comment_status":"closed","ping_status":"closed","template":"","meta":{"footnotes":""},"class_list":["post-19","page","type-page","status-publish","hentry"],"_links":{"self":[{"href":"http:\/\/sloneczkoleba.pl\/index.php?rest_route=\/wp\/v2\/pages\/19","targetHints":{"allow":["GET"]}}],"collection":[{"href":"http:\/\/sloneczkoleba.pl\/index.php?rest_route=\/wp\/v2\/pages"}],"about":[{"href":"http:\/\/sloneczkoleba.pl\/index.php?rest_route=\/wp\/v2\/types\/page"}],"author":[{"embeddable":true,"href":"http:\/\/sloneczkoleba.pl\/index.php?rest_route=\/wp\/v2\/users\/1"}],"replies":[{"embeddable":true,"href":"http:\/\/sloneczkoleba.pl\/index.php?rest_route=%2Fwp%2Fv2%2Fcomments&post=19"}],"version-history":[{"count":56,"href":"http:\/\/sloneczkoleba.pl\/index.php?rest_route=\/wp\/v2\/pages\/19\/revisions"}],"predecessor-version":[{"id":475,"href":"http:\/\/sloneczkoleba.pl\/index.php?rest_route=\/wp\/v2\/pages\/19\/revisions\/475"}],"wp:attachment":[{"href":"http:\/\/sloneczkoleba.pl\/index.php?rest_route=%2Fwp%2Fv2%2Fmedia&parent=19"}],"curies":[{"name":"wp","href":"https:\/\/api.w.org\/{rel}","templated":true}]}}